{"id":80,"date":"2022-12-11T19:10:21","date_gmt":"2022-12-11T19:10:21","guid":{"rendered":"https:\/\/www.coodestur.org\/?page_id=80"},"modified":"2023-01-05T12:44:27","modified_gmt":"2023-01-05T12:44:27","slug":"miembros-de-la-red","status":"publish","type":"page","link":"https:\/\/www.coodestur.org\/?page_id=80","title":{"rendered":"Miembros de la Red"},"content":{"rendered":"\n<div class=\"wp-container-3 wp-block-group alignfull\"><div class=\"wp-block-group__inner-container\">\n<div class=\"wp-container-2 wp-block-group\"><div class=\"wp-block-group__inner-container\">\n<div class=\"wp-container-1 wp-block-group\"><div class=\"wp-block-group__inner-container\">\n<p class=\"has-text-align-left\"><strong>ARGENTINA <\/strong><\/p>\n<\/div><\/div>\n<\/div><\/div>\n\n\n\n<p class=\"has-text-align-left\">Patricia Alejandra Garbino, Universidad Blas Pascal<br>Patricia Susana Ercolani, Universidad del Sur<br>Alfredo J. P\u00e9rez Caballero, Fundaci\u00f3n Universitaria Colombo Internacional <br>Sandra Lorena Hidalgo Arango Fundaci\u00f3n Universitaria Colombo Internacional <br>Alicia Rene\u00e9 Tagliorette Universidad Nacional de la Patagonia Austral <br>Daniela Fernanda Thiel-Ellul Universidad Nacional de San Mart\u00edn <\/p>\n\n\n\n<p><\/p>\n<\/div><\/div>\n\n\n\n<div class=\"wp-container-6 wp-block-group alignfull\"><div class=\"wp-block-group__inner-container\">\n<div class=\"wp-container-4 wp-block-group\"><div class=\"wp-block-group__inner-container\">\n<p class=\"has-text-align-center\"><\/p>\n<\/div><\/div>\n\n\n\n<p class=\"has-text-align-left\"><strong>BRASIL<\/strong><br>Roberta Abalen Dias, Centro federal de Educa\u00e7ao Tecnologica Minas Gerais<br>Renata Maria Ribeiro, Universidade Estadual Paulista Julio de Mesquita Filho<br>Thiago Duarte Pimentel, Universidade Federal de Juiz de Fora<br>Jose Manoel Gandara, Universidade Federal de Paran<\/p>\n\n\n\n<p class=\"has-text-align-left\"><strong>CHILE<\/strong><br>Pablo Mart\u00ednez Riquelme, Universidad de La Frontera<\/p>\n\n\n\n<p class=\"has-text-align-left\"><strong>COLOMBIA<\/strong><br>Jos\u00e9 Alfonso Vargas Corporaci\u00f3, Unievrsitaria del Huila<br>Amanda E. Bonilla Calder\u00f3n, Universidad Surcolombiana <br>Martha Cecilia Aldana Ort\u00edz, Fundaci\u00f3n Universitaria Los Libertadores<br>Lu\u00eds Rub\u00e9n P\u00e9rez Pinz\u00f3n, Universidad Aut\u00f3noma de Bucaramanga<\/p>\n\n\n\n<p class=\"has-text-align-left\"><strong>COSTA RICA<\/strong><br>Carlos Morera, Universidad Nacional<\/p>\n\n\n\n<div class=\"wp-container-5 wp-block-group\"><div class=\"wp-block-group__inner-container\">\n<p><\/p>\n<\/div><\/div>\n\n\n\n<p class=\"has-text-align-left\"><strong>CUBA<\/strong><br>Lisandra Torres, Universidad de la Habana<br>Alejandro Delgado, Universidad de la Habana <br>Yoel Mart\u00ednez, Universidad del Pinar del R\u00edo<\/p>\n\n\n\n<p class=\"has-text-align-left\"><strong>ECUADOR<\/strong><br>Mateo Estrella Dur\u00e1n, Universidad de Cuenca<br>Fabian Mauricio Gaibor Monar, Escuela Superior Polit\u00e9cnica de Chimborazo<br>Andrea Mu\u00f1oz, Pontificia Universidad Cat\u00f3lica del Ecuador<br>Gabriela Maldonado, Pontificia Universidad Cat\u00f3lica del Ecuador<br>Juan Pablo Torres Cadena, Universidad Estatal de Bol\u00edvar<br>Christian Stalin Vin\u00e1n Merec\u00ed, Universidad T\u00e9cnica Particular de Loja<br>Mar\u00eda Gabriela Suasnavas Rodr\u00edguez, Universidad T\u00e9cnica Particular de Loja<br>Rosario Estefan\u00eda S\u00e1nchez Cevallos, Universidad T\u00e9cnica Particular de Loja<br>Tania Jackeline Universidad, T\u00e9cnica Particular de Loja<\/p>\n\n\n\n<p class=\"has-text-align-left\"><strong>ESPA\u00d1A<\/strong><br>Ignacio Sariego, Universidad de Cantabria <br>Enrique Navarro, Universidad de M\u00e1laga <br>Maci\u00e0 Bl\u00e1zquez, Universitat de les Illes Balears <br>Marta Nel-lo, Andreu Universitat Rovira i Virgili <br>Jos\u00e9 Jes\u00fas Angla Jim\u00e9nez, Universitat Rovira i Virgili <br>Ernest Ca\u00f1ada Mullor, Alba Sud <br>Soledad Morales, Universitat Oberta de Catalunya     <\/p>\n\n\n\n<p class=\"has-text-align-left\"> Miguel \u00c1ngel Solano S\u00e1nchez, Universidad de Granada <\/p>\n\n\n\n<p><\/p>\n\n\n\n<p>                                                                              <\/p>\n\n\n\n<p class=\"has-text-align-left\"><strong>MEXICO<\/strong><br>Nora Bringas, Colegio de la Frontera Norte <br>Olivia Bringas Alvarado, Consultoria privada <br>Diana Castro, Universidad Auonoma Estado de Mexico <br> Patricia Dominguez Silva, Universidad de las Am\u00e9ricas <br>Bonnie Campos C\u00e1mara,  Universidad de Quintana Roo <br>Ana Pricila Sosa Ferreira, Universidad del Caribe <br>Maxime Kieffer, Universidad Nacional Aut\u00f3noma de M\u00e9xico <br>Domingo Gomez, CIDES <br>Margarita Navarro Favela, REMTUR <\/p>\n\n\n\n<p class=\"has-text-align-left\"><strong>NICARAGUA<\/strong><br>Flora Acevedo, Universidad Nacional Aut\u00f3noma de Nicaragua<br>Carlos Santovenia, Universidad Nacional Aut\u00f3noma de Nicaragua<\/p>\n\n\n\n<p class=\"has-text-align-left\"><strong>PANAM\u00c1<\/strong><br>Manuel A. Mart\u00ednez H., ISAE Universidad<br>Ascela Aguina Universidad, Aut\u00f3noma de Chiriqu\u00ed <br>Gloria Hern\u00e1ndez, Universidad Aut\u00f3noma de Chiriqu\u00ed Panam\u00e1<\/p>\n\n\n\n<p class=\"has-text-align-left\"><strong>PUERTO RICO<\/strong><br>Carlos E. Soutto Colon, Hotel and Tourism Association <br><\/p>\n\n\n\n<p class=\"has-text-align-left\"><strong>VENEZUELA<\/strong><br>Marianela Camacho Universidad del Zuila Venezuela<\/p>\n<\/div><\/div>\n","protected":false},"excerpt":{"rendered":"<p>ARGENTINA Patricia Alejandra Garbino, Universidad Blas PascalPatricia Susana Ercolani, Universidad del SurAlfredo J. P\u00e9rez Caballero, Fundaci\u00f3n Universitaria Colombo Internacional Sandra Lorena Hidalgo Arango Fundaci\u00f3n Universitaria Colombo Internacional Alicia Rene\u00e9 Tagliorette Universidad Nacional de la Patagonia Austral Daniela Fernanda Thiel-Ellul Universidad Nacional de San Mart\u00edn BRASILRoberta Abalen Dias, Centro federal de Educa\u00e7ao Tecnologica Minas GeraisRenata Maria [&hellip;]<\/p>\n","protected":false},"author":1,"featured_media":0,"parent":0,"menu_order":0,"comment_status":"closed","ping_status":"closed","template":"","meta":[],"_links":{"self":[{"href":"https:\/\/www.coodestur.org\/index.php?rest_route=\/wp\/v2\/pages\/80"}],"collection":[{"href":"https:\/\/www.coodestur.org\/index.php?rest_route=\/wp\/v2\/pages"}],"about":[{"href":"https:\/\/www.coodestur.org\/index.php?rest_route=\/wp\/v2\/types\/page"}],"author":[{"embeddable":true,"href":"https:\/\/www.coodestur.org\/index.php?rest_route=\/wp\/v2\/users\/1"}],"replies":[{"embeddable":true,"href":"https:\/\/www.coodestur.org\/index.php?rest_route=%2Fwp%2Fv2%2Fcomments&post=80"}],"version-history":[{"count":22,"href":"https:\/\/www.coodestur.org\/index.php?rest_route=\/wp\/v2\/pages\/80\/revisions"}],"predecessor-version":[{"id":167,"href":"https:\/\/www.coodestur.org\/index.php?rest_route=\/wp\/v2\/pages\/80\/revisions\/167"}],"wp:attachment":[{"href":"https:\/\/www.coodestur.org\/index.php?rest_route=%2Fwp%2Fv2%2Fmedia&parent=80"}],"curies":[{"name":"wp","href":"https:\/\/api.w.org\/{rel}","templated":true}]}}